{"id":17940,"date":"2026-03-18T13:45:01","date_gmt":"2026-03-18T18:45:01","guid":{"rendered":"https:\/\/irfoundation.net\/?page_id=17940"},"modified":"2026-03-31T16:23:01","modified_gmt":"2026-03-31T21:23:01","slug":"economia-de-la-mutualidad","status":"publish","type":"page","link":"https:\/\/irfoundation.net\/en\/economia-de-la-mutualidad\/","title":{"rendered":"The Economic Of Mutuality"},"content":{"rendered":"<div data-elementor-type=\"wp-page\" data-elementor-id=\"17940\" class=\"elementor elementor-17940\" data-elementor-post-type=\"page\">\n\t\t\t\t\t\t<section class=\"elementor-section elementor-top-section elementor-element elementor-element-79a227ca elementor-section-stretched elementor-section-content-middle elementor-section-boxed elementor-section-height-default elementor-section-height-default\" data-id=\"79a227ca\" data-element_type=\"section\" data-e-type=\"section\" data-settings=\"{&quot;stretch_section&quot;:&quot;section-stretched&quot;,&quot;background_background&quot;:&quot;classic&quot;}\">\n\t\t\t\t\t\t\t<div class=\"elementor-background-overlay\"><\/div>\n\t\t\t\t\t\t\t<div class=\"elementor-container elementor-column-gap-default\">\n\t\t\t\t\t<div class=\"elementor-column elementor-col-100 elementor-top-column elementor-element elementor-element-40346f11\" data-id=\"40346f11\" data-element_type=\"column\" data-e-type=\"column\">\n\t\t\t<div class=\"elementor-widget-wrap elementor-element-populated\">\n\t\t\t\t\t\t<div class=\"elementor-element elementor-element-4fadf30 elementor-widget elementor-widget-heading\" data-id=\"4fadf30\" data-element_type=\"widget\" data-e-type=\"widget\" data-widget_type=\"heading.default\">\n\t\t\t\t<div class=\"elementor-widget-container\">\n\t\t\t\t\t<h1 class=\"elementor-heading-title elementor-size-default\">The Economic of Mutuality <\/h1>\t\t\t\t<\/div>\n\t\t\t\t<\/div>\n\t\t\t\t\t<\/div>\n\t\t<\/div>\n\t\t\t\t\t<\/div>\n\t\t<\/section>\n\t\t\t\t<section class=\"elementor-section elementor-top-section elementor-element elementor-element-5ce521d elementor-section-boxed elementor-section-height-default elementor-section-height-default\" data-id=\"5ce521d\" data-element_type=\"section\" data-e-type=\"section\">\n\t\t\t\t\t\t<div class=\"elementor-container elementor-column-gap-default\">\n\t\t\t\t\t<div class=\"elementor-column elementor-col-100 elementor-top-column elementor-element elementor-element-d4bf83f\" data-id=\"d4bf83f\" data-element_type=\"column\" data-e-type=\"column\">\n\t\t\t<div class=\"elementor-widget-wrap elementor-element-populated\">\n\t\t\t\t\t\t<div class=\"elementor-element elementor-element-2ab1257 elementor-widget__width-initial elementor-widget elementor-widget-heading\" data-id=\"2ab1257\" data-element_type=\"widget\" data-e-type=\"widget\" data-widget_type=\"heading.default\">\n\t\t\t\t<div class=\"elementor-widget-container\">\n\t\t\t\t\t<p class=\"elementor-heading-title elementor-size-default\"><b>Why the Economy of Mutuality? <\/b><br><br>In nature, positive mutualism is a biological interaction in which two species benefit from one another, strengthening their survival and development. A clear example is the relationship between corals and algae, where the latter enable corals to fix calcium carbonate, facilitating their growth and consolidation. This principle inspires a model in which growth is generated through relationships that create shared value. <br><br>While cooperativism seeks to balance production and economic benefit, mutuality emphasizes solidarity, collaboration, and the provision of collective services from a conscious capitalism perspective. <br><br>The Economy of Mutuality integrates both approaches into a business model that generates value for all stakeholders across the value chain.<br><br>In this context, Latin America calls for a paradigm shift in its productive development model, one that ensures, through the comprehensive success of family businesses, the sustainability of value chains, communities, and the natural environment that sustains them.<br><br><b>Genesis of Collective-Based Economic Models<br><\/b><br>In the 1990s, Michael Porter and Mark Kramer developed the theory of shared value, which proposes that companies can generate competitive advantages while contributing to solving social challenges.<br><br>This approach challenges the notion that economic value and social impact are opposing forces, demonstrating that they are<b> <\/b>mutually reinforcing.<br><br>This is not about philanthropy, traditional Corporate Social Responsibility (CSR), or donations. It is about a business strategy that creates economic value while simultaneously generating a positive impact on society.<br><br><b>Political Perspectives on Mutualism<\/b><\/p>\t\t\t\t<\/div>\n\t\t\t\t<\/div>\n\t\t\t\t\t<\/div>\n\t\t<\/div>\n\t\t\t\t\t<\/div>\n\t\t<\/section>\n\t\t\t\t<section class=\"elementor-section elementor-top-section elementor-element elementor-element-4c64c68 elementor-section-boxed elementor-section-height-default elementor-section-height-default\" data-id=\"4c64c68\" data-element_type=\"section\" data-e-type=\"section\" id=\"Pilares\">\n\t\t\t\t\t\t<div class=\"elementor-container elementor-column-gap-default\">\n\t\t\t\t\t<div class=\"elementor-column elementor-col-100 elementor-top-column elementor-element elementor-element-82d543a\" data-id=\"82d543a\" data-element_type=\"column\" data-e-type=\"column\">\n\t\t\t<div class=\"elementor-widget-wrap elementor-element-populated\">\n\t\t\t\t\t\t<div class=\"elementor-element elementor-element-b1a1ec9 elementor-drop-cap-yes elementor-drop-cap-view-default elementor-widget elementor-widget-text-editor\" data-id=\"b1a1ec9\" data-element_type=\"widget\" data-e-type=\"widget\" data-settings=\"{&quot;drop_cap&quot;:&quot;yes&quot;}\" data-widget_type=\"text-editor.default\">\n\t\t\t\t<div class=\"elementor-widget-container\">\n\t\t\t\t\t\t\t\t\t<ul><li>\u00a0Conscious capitalism focuses on developing business models aligned with global development patterns, which require integrated sustainability, open participation in business, and positive economic, social, and environmental returns.<br \/><br \/><\/li><li>When companies commit to the principles and values of the Economy of Mutuality, they ensure stronger economic returns, social benefits (cohesion), and effectively enhance the conservation of nature. <br \/><br \/><\/li><li>The greatest enemy of capitalism is its own inconsistent development. A strong foundation is needed to confront and overcome recessionary economic models, reduce poverty, strengthen social cohesion through shared prosperity, and ensure the preservation of natural assets.<\/li><\/ul>\t\t\t\t\t\t\t\t<\/div>\n\t\t\t\t<\/div>\n\t\t\t\t<div class=\"elementor-element elementor-element-c43c0ac elementor-widget-divider--view-line elementor-widget elementor-widget-divider\" data-id=\"c43c0ac\" data-element_type=\"widget\" data-e-type=\"widget\" data-widget_type=\"divider.default\">\n\t\t\t\t<div class=\"elementor-widget-container\">\n\t\t\t\t\t\t\t<div class=\"elementor-divider\">\n\t\t\t<span class=\"elementor-divider-separator\">\n\t\t\t\t\t\t<\/span>\n\t\t<\/div>\n\t\t\t\t\t\t<\/div>\n\t\t\t\t<\/div>\n\t\t\t\t\t<\/div>\n\t\t<\/div>\n\t\t\t\t\t<\/div>\n\t\t<\/section>\n\t\t\t\t<\/div>","protected":false},"excerpt":{"rendered":"<p>Econom\u00eda de la Mutualidad \u00bfPor que la Econom\u00eda de la Mutualidad ? En la naturaleza el mutualismo positivo es la Interacci\u00f3n biol\u00f3gica en la que dos especies se benefician mutuamente, [&hellip;]<\/p>\n","protected":false},"author":1,"featured_media":14754,"parent":0,"menu_order":0,"comment_status":"closed","ping_status":"closed","template":"","meta":{"_monsterinsights_skip_tracking":false,"_monsterinsights_sitenote_active":false,"_monsterinsights_sitenote_note":"","_monsterinsights_sitenote_category":0,"_EventAllDay":false,"_EventTimezone":"","_EventStartDate":"","_EventEndDate":"","_EventStartDateUTC":"","_EventEndDateUTC":"","_EventShowMap":false,"_EventShowMapLink":false,"_EventURL":"","_EventCost":"","_EventCostDescription":"","_EventCurrencySymbol":"","_EventCurrencyCode":"","_EventCurrencyPosition":"","_EventDateTimeSeparator":"","_EventTimeRangeSeparator":"","_EventOrganizerID":[],"_EventVenueID":[],"_OrganizerEmail":"","_OrganizerPhone":"","_OrganizerWebsite":"","_VenueAddress":"","_VenueCity":"","_VenueCountry":"","_VenueProvince":"","_VenueState":"","_VenueZip":"","_VenuePhone":"","_VenueURL":"","_VenueStateProvince":"","_VenueLat":"","_VenueLng":"","_VenueShowMap":false,"_VenueShowMapLink":false,"footnotes":""},"class_list":["post-17940","page","type-page","status-publish","has-post-thumbnail","hentry"],"yoast_head":"<!-- This site is optimized with the Yoast SEO plugin v27.3 - https:\/\/yoast.com\/product\/yoast-seo-wordpress\/ -->\n<title>Econom\u00eda de la mutualidad - Ir Foundation<\/title>\n<meta name=\"description\" content=\"En International Research Foundation, ( IR ) Creemos que la familia es n\u00facleo fundamental de la sociedad. Ir Foundation tiende puentes entre organizaciones internacionales para el desarrollo de programas y la canalizaci\u00f3n de recursos en Am\u00e9rica latina. Actualmente estamos liderando el capitulo Caricol ( Colombia centro Am\u00e9rica y el caribe) de family office exchange, Fox l\u00edder mundial en organizaci\u00f3n internacional l\u00edder en family offices y sostenibilidad familiar.\" \/>\n<meta name=\"robots\" content=\"index, follow, max-snippet:-1, max-image-preview:large, max-video-preview:-1\" \/>\n<link rel=\"canonical\" href=\"https:\/\/irfoundation.net\/en\/economia-de-la-mutualidad\/\" \/>\n<meta property=\"og:locale\" content=\"en_US\" \/>\n<meta property=\"og:type\" content=\"article\" \/>\n<meta property=\"og:title\" content=\"Econom\u00eda de la mutualidad - Ir Foundation\" \/>\n<meta property=\"og:description\" content=\"En International Research Foundation, ( IR ) Creemos que la familia es n\u00facleo fundamental de la sociedad. Ir Foundation tiende puentes entre organizaciones internacionales para el desarrollo de programas y la canalizaci\u00f3n de recursos en Am\u00e9rica latina. Actualmente estamos liderando el capitulo Caricol ( Colombia centro Am\u00e9rica y el caribe) de family office exchange, Fox l\u00edder mundial en organizaci\u00f3n internacional l\u00edder en family offices y sostenibilidad familiar.\" \/>\n<meta property=\"og:url\" content=\"https:\/\/irfoundation.net\/en\/economia-de-la-mutualidad\/\" \/>\n<meta property=\"og:site_name\" content=\"Ir Foundation\" \/>\n<meta property=\"article:modified_time\" content=\"2026-03-31T21:23:01+00:00\" \/>\n<meta property=\"og:image\" content=\"https:\/\/irfoundation.net\/wp-content\/uploads\/2023\/10\/Icono-IR-Foundation-logo.png\" \/>\n\t<meta property=\"og:image:width\" content=\"200\" \/>\n\t<meta property=\"og:image:height\" content=\"200\" \/>\n\t<meta property=\"og:image:type\" content=\"image\/png\" \/>\n<meta name=\"twitter:card\" content=\"summary_large_image\" \/>\n<meta name=\"twitter:label1\" content=\"Est. reading time\" \/>\n\t<meta name=\"twitter:data1\" content=\"2 minutes\" \/>\n<script type=\"application\/ld+json\" class=\"yoast-schema-graph\">{\"@context\":\"https:\\\/\\\/schema.org\",\"@graph\":[{\"@type\":\"WebPage\",\"@id\":\"https:\\\/\\\/irfoundation.net\\\/economia-de-la-mutualidad\\\/\",\"url\":\"https:\\\/\\\/irfoundation.net\\\/economia-de-la-mutualidad\\\/\",\"name\":\"Econom\u00eda de la mutualidad - Ir Foundation\",\"isPartOf\":{\"@id\":\"https:\\\/\\\/irfoundation.net\\\/#website\"},\"primaryImageOfPage\":{\"@id\":\"https:\\\/\\\/irfoundation.net\\\/economia-de-la-mutualidad\\\/#primaryimage\"},\"image\":{\"@id\":\"https:\\\/\\\/irfoundation.net\\\/economia-de-la-mutualidad\\\/#primaryimage\"},\"thumbnailUrl\":\"https:\\\/\\\/irfoundation.net\\\/wp-content\\\/uploads\\\/2023\\\/10\\\/Icono-IR-Foundation-logo.png\",\"datePublished\":\"2026-03-18T18:45:01+00:00\",\"dateModified\":\"2026-03-31T21:23:01+00:00\",\"description\":\"En International Research Foundation, ( IR ) Creemos que la familia es n\u00facleo fundamental de la sociedad. Ir Foundation tiende puentes entre organizaciones internacionales para el desarrollo de programas y la canalizaci\u00f3n de recursos en Am\u00e9rica latina. Actualmente estamos liderando el capitulo Caricol ( Colombia centro Am\u00e9rica y el caribe) de family office exchange, Fox l\u00edder mundial en organizaci\u00f3n internacional l\u00edder en family offices y sostenibilidad familiar.\",\"breadcrumb\":{\"@id\":\"https:\\\/\\\/irfoundation.net\\\/economia-de-la-mutualidad\\\/#breadcrumb\"},\"inLanguage\":\"en-US\",\"potentialAction\":[{\"@type\":\"ReadAction\",\"target\":[\"https:\\\/\\\/irfoundation.net\\\/economia-de-la-mutualidad\\\/\"]}]},{\"@type\":\"ImageObject\",\"inLanguage\":\"en-US\",\"@id\":\"https:\\\/\\\/irfoundation.net\\\/economia-de-la-mutualidad\\\/#primaryimage\",\"url\":\"https:\\\/\\\/irfoundation.net\\\/wp-content\\\/uploads\\\/2023\\\/10\\\/Icono-IR-Foundation-logo.png\",\"contentUrl\":\"https:\\\/\\\/irfoundation.net\\\/wp-content\\\/uploads\\\/2023\\\/10\\\/Icono-IR-Foundation-logo.png\",\"width\":200,\"height\":200},{\"@type\":\"BreadcrumbList\",\"@id\":\"https:\\\/\\\/irfoundation.net\\\/economia-de-la-mutualidad\\\/#breadcrumb\",\"itemListElement\":[{\"@type\":\"ListItem\",\"position\":1,\"name\":\"Portada\",\"item\":\"https:\\\/\\\/irfoundation.net\\\/\"},{\"@type\":\"ListItem\",\"position\":2,\"name\":\"Econom\u00eda de la mutualidad\"}]},{\"@type\":\"WebSite\",\"@id\":\"https:\\\/\\\/irfoundation.net\\\/#website\",\"url\":\"https:\\\/\\\/irfoundation.net\\\/\",\"name\":\"Ir Foundation\",\"description\":\"International Research Enterprise Family Foundation\",\"publisher\":{\"@id\":\"https:\\\/\\\/irfoundation.net\\\/#organization\"},\"potentialAction\":[{\"@type\":\"SearchAction\",\"target\":{\"@type\":\"EntryPoint\",\"urlTemplate\":\"https:\\\/\\\/irfoundation.net\\\/?s={search_term_string}\"},\"query-input\":{\"@type\":\"PropertyValueSpecification\",\"valueRequired\":true,\"valueName\":\"search_term_string\"}}],\"inLanguage\":\"en-US\"},{\"@type\":\"Organization\",\"@id\":\"https:\\\/\\\/irfoundation.net\\\/#organization\",\"name\":\"Ir Foundation\",\"url\":\"https:\\\/\\\/irfoundation.net\\\/\",\"logo\":{\"@type\":\"ImageObject\",\"inLanguage\":\"en-US\",\"@id\":\"https:\\\/\\\/irfoundation.net\\\/#\\\/schema\\\/logo\\\/image\\\/\",\"url\":\"https:\\\/\\\/irfoundation.net\\\/wp-content\\\/uploads\\\/2022\\\/12\\\/Logo-sin-fondo-International-research-enterprise-family-foundation-Logo.png\",\"contentUrl\":\"https:\\\/\\\/irfoundation.net\\\/wp-content\\\/uploads\\\/2022\\\/12\\\/Logo-sin-fondo-International-research-enterprise-family-foundation-Logo.png\",\"width\":683,\"height\":384,\"caption\":\"Ir Foundation\"},\"image\":{\"@id\":\"https:\\\/\\\/irfoundation.net\\\/#\\\/schema\\\/logo\\\/image\\\/\"}}]}<\/script>\n<!-- \/ Yoast SEO plugin. -->","yoast_head_json":{"title":"Econom\u00eda de la mutualidad - Ir Foundation","description":"En International Research Foundation, ( IR ) Creemos que la familia es n\u00facleo fundamental de la sociedad. Ir Foundation tiende puentes entre organizaciones internacionales para el desarrollo de programas y la canalizaci\u00f3n de recursos en Am\u00e9rica latina. Actualmente estamos liderando el capitulo Caricol ( Colombia centro Am\u00e9rica y el caribe) de family office exchange, Fox l\u00edder mundial en organizaci\u00f3n internacional l\u00edder en family offices y sostenibilidad familiar.","robots":{"index":"index","follow":"follow","max-snippet":"max-snippet:-1","max-image-preview":"max-image-preview:large","max-video-preview":"max-video-preview:-1"},"canonical":"https:\/\/irfoundation.net\/en\/economia-de-la-mutualidad\/","og_locale":"en_US","og_type":"article","og_title":"Econom\u00eda de la mutualidad - Ir Foundation","og_description":"En International Research Foundation, ( IR ) Creemos que la familia es n\u00facleo fundamental de la sociedad. Ir Foundation tiende puentes entre organizaciones internacionales para el desarrollo de programas y la canalizaci\u00f3n de recursos en Am\u00e9rica latina. Actualmente estamos liderando el capitulo Caricol ( Colombia centro Am\u00e9rica y el caribe) de family office exchange, Fox l\u00edder mundial en organizaci\u00f3n internacional l\u00edder en family offices y sostenibilidad familiar.","og_url":"https:\/\/irfoundation.net\/en\/economia-de-la-mutualidad\/","og_site_name":"Ir Foundation","article_modified_time":"2026-03-31T21:23:01+00:00","og_image":[{"width":200,"height":200,"url":"https:\/\/irfoundation.net\/wp-content\/uploads\/2023\/10\/Icono-IR-Foundation-logo.png","type":"image\/png"}],"twitter_card":"summary_large_image","twitter_misc":{"Est. reading time":"2 minutes"},"schema":{"@context":"https:\/\/schema.org","@graph":[{"@type":"WebPage","@id":"https:\/\/irfoundation.net\/economia-de-la-mutualidad\/","url":"https:\/\/irfoundation.net\/economia-de-la-mutualidad\/","name":"Econom\u00eda de la mutualidad - Ir Foundation","isPartOf":{"@id":"https:\/\/irfoundation.net\/#website"},"primaryImageOfPage":{"@id":"https:\/\/irfoundation.net\/economia-de-la-mutualidad\/#primaryimage"},"image":{"@id":"https:\/\/irfoundation.net\/economia-de-la-mutualidad\/#primaryimage"},"thumbnailUrl":"https:\/\/irfoundation.net\/wp-content\/uploads\/2023\/10\/Icono-IR-Foundation-logo.png","datePublished":"2026-03-18T18:45:01+00:00","dateModified":"2026-03-31T21:23:01+00:00","description":"En International Research Foundation, ( IR ) Creemos que la familia es n\u00facleo fundamental de la sociedad. Ir Foundation tiende puentes entre organizaciones internacionales para el desarrollo de programas y la canalizaci\u00f3n de recursos en Am\u00e9rica latina. Actualmente estamos liderando el capitulo Caricol ( Colombia centro Am\u00e9rica y el caribe) de family office exchange, Fox l\u00edder mundial en organizaci\u00f3n internacional l\u00edder en family offices y sostenibilidad familiar.","breadcrumb":{"@id":"https:\/\/irfoundation.net\/economia-de-la-mutualidad\/#breadcrumb"},"inLanguage":"en-US","potentialAction":[{"@type":"ReadAction","target":["https:\/\/irfoundation.net\/economia-de-la-mutualidad\/"]}]},{"@type":"ImageObject","inLanguage":"en-US","@id":"https:\/\/irfoundation.net\/economia-de-la-mutualidad\/#primaryimage","url":"https:\/\/irfoundation.net\/wp-content\/uploads\/2023\/10\/Icono-IR-Foundation-logo.png","contentUrl":"https:\/\/irfoundation.net\/wp-content\/uploads\/2023\/10\/Icono-IR-Foundation-logo.png","width":200,"height":200},{"@type":"BreadcrumbList","@id":"https:\/\/irfoundation.net\/economia-de-la-mutualidad\/#breadcrumb","itemListElement":[{"@type":"ListItem","position":1,"name":"Portada","item":"https:\/\/irfoundation.net\/"},{"@type":"ListItem","position":2,"name":"Econom\u00eda de la mutualidad"}]},{"@type":"WebSite","@id":"https:\/\/irfoundation.net\/#website","url":"https:\/\/irfoundation.net\/","name":"Ir Foundation","description":"International Research Enterprise Family Foundation","publisher":{"@id":"https:\/\/irfoundation.net\/#organization"},"potentialAction":[{"@type":"SearchAction","target":{"@type":"EntryPoint","urlTemplate":"https:\/\/irfoundation.net\/?s={search_term_string}"},"query-input":{"@type":"PropertyValueSpecification","valueRequired":true,"valueName":"search_term_string"}}],"inLanguage":"en-US"},{"@type":"Organization","@id":"https:\/\/irfoundation.net\/#organization","name":"Ir Foundation","url":"https:\/\/irfoundation.net\/","logo":{"@type":"ImageObject","inLanguage":"en-US","@id":"https:\/\/irfoundation.net\/#\/schema\/logo\/image\/","url":"https:\/\/irfoundation.net\/wp-content\/uploads\/2022\/12\/Logo-sin-fondo-International-research-enterprise-family-foundation-Logo.png","contentUrl":"https:\/\/irfoundation.net\/wp-content\/uploads\/2022\/12\/Logo-sin-fondo-International-research-enterprise-family-foundation-Logo.png","width":683,"height":384,"caption":"Ir Foundation"},"image":{"@id":"https:\/\/irfoundation.net\/#\/schema\/logo\/image\/"}}]}},"_links":{"self":[{"href":"https:\/\/irfoundation.net\/en\/wp-json\/wp\/v2\/pages\/17940","targetHints":{"allow":["GET"]}}],"collection":[{"href":"https:\/\/irfoundation.net\/en\/wp-json\/wp\/v2\/pages"}],"about":[{"href":"https:\/\/irfoundation.net\/en\/wp-json\/wp\/v2\/types\/page"}],"author":[{"embeddable":true,"href":"https:\/\/irfoundation.net\/en\/wp-json\/wp\/v2\/users\/1"}],"replies":[{"embeddable":true,"href":"https:\/\/irfoundation.net\/en\/wp-json\/wp\/v2\/comments?post=17940"}],"version-history":[{"count":28,"href":"https:\/\/irfoundation.net\/en\/wp-json\/wp\/v2\/pages\/17940\/revisions"}],"predecessor-version":[{"id":18126,"href":"https:\/\/irfoundation.net\/en\/wp-json\/wp\/v2\/pages\/17940\/revisions\/18126"}],"wp:featuredmedia":[{"embeddable":true,"href":"https:\/\/irfoundation.net\/en\/wp-json\/wp\/v2\/media\/14754"}],"wp:attachment":[{"href":"https:\/\/irfoundation.net\/en\/wp-json\/wp\/v2\/media?parent=17940"}],"curies":[{"name":"wp","href":"https:\/\/api.w.org\/{rel}","templated":true}]}}